{"id":4166,"date":"2015-11-18T10:26:03","date_gmt":"2015-11-18T09:26:03","guid":{"rendered":"https:\/\/www.restaurante-binicanella.com\/reservations\/"},"modified":"2022-03-10T22:56:51","modified_gmt":"2022-03-10T21:56:51","slug":"reservations","status":"publish","type":"page","link":"https:\/\/www.restaurante-binicanella.com\/es\/reservations\/","title":{"rendered":"Las Reservas"},"content":{"rendered":"<div class=\"wpb-content-wrapper\"><p>[vc_row][vc_column][vc_empty_space height=\u00bb80px\u00bb][\/vc_column][\/vc_row][vc_row content_width=\u00bbgrid\u00bb css=\u00bb.vc_custom_1646209132949{margin-right: 0px !important;margin-bottom: 55px !important;margin-left: 0px !important;padding-top: 40px !important;padding-right: 25px !important;padding-bottom: 40px !important;padding-left: 25px !important;background-color: #f5f5f5 !important;}\u00bb][vc_column width=\u00bb1\/3&#8243;][\/vc_column][vc_column width=\u00bb1\/3&#8243; css=\u00bb.vc_custom_1646857693938{margin-left: 15% !important;}\u00bb]<a href=\"https:\/\/binicanella.myrestoo.net\/\" target=\"_blank\" style=\"background-color: #eeee22\" class=\"mkdf-btn mkdf-btn-medium mkdf-btn-solid\"  >\n        <span class=\"mkdf-btn-text\">Reservar ahora<\/span>\n<\/a>[\/vc_column][vc_column width=\u00bb1\/3&#8243;][\/vc_column][\/vc_row][vc_row content_width=\u00bbgrid\u00bb css=\u00bb.vc_custom_1447852384836{padding-bottom: 15px !important;}\u00bb][vc_column offset=\u00bbvc_col-lg-4 vc_col-md-4&#8243;]<div class=\"mkdf-animations-holder mkdf-element-from-bottom\" data-animation=\"mkdf-element-from-bottom\">\n\t<div style=\"transition-delay: 200ms;-webkit-animation-delay: 200ms;animation-delay: 200ms\">\n\t\t[vc_single_image image=\u00bb3112&#8243; img_size=\u00bbfull\u00bb][vc_empty_space height=\u00bb22px\u00bb][vc_column_text]<\/p>\n<h4>Ubicaci\u00f3n \u00fanica<\/h4>\n<p>[\/vc_column_text][vc_empty_space height=\u00bb11px\u00bb][vc_column_text]Un lugar excepcional con una gran vista panor\u00e1mica inmerso en la naturaleza, la antigua ermita \u00abBinicanella![\/vc_column_text][vc_empty_space height=\u00bb40px\u00bb]\t<\/div>\n<\/div>[\/vc_column][vc_column offset=\u00bbvc_col-lg-4 vc_col-md-4&#8243;]<div class=\"mkdf-animations-holder mkdf-element-from-bottom\" data-animation=\"mkdf-element-from-bottom\">\n\t<div style=\"transition-delay: 400ms;-webkit-animation-delay: 400ms;animation-delay: 400ms\">\n\t\t[vc_single_image image=\u00bb3116&#8243; img_size=\u00bbfull\u00bb][vc_empty_space height=\u00bb22px\u00bb][vc_column_text]<\/p>\n<h4>Especialidades a la parrilla<\/h4>\n<p>[\/vc_column_text][vc_empty_space height=\u00bb11px\u00bb][vc_column_text]Disfrute de nuestras especialidades a la parrilla reci\u00e9n preparadas en la parrilla de carb\u00f3n o en el hist\u00f3rico horno de le\u00f1a.[\/vc_column_text][vc_empty_space height=\u00bb40px\u00bb]\t<\/div>\n<\/div>[\/vc_column][vc_column offset=\u00bbvc_col-lg-4 vc_col-md-4&#8243;]<div class=\"mkdf-animations-holder mkdf-element-from-bottom\" data-animation=\"mkdf-element-from-bottom\">\n\t<div style=\"transition-delay: 600ms;-webkit-animation-delay: 600ms;animation-delay: 600ms\">\n\t\t[vc_single_image image=\u00bb3121&#8243; img_size=\u00bbfull\u00bb][vc_empty_space height=\u00bb22px\u00bb][vc_column_text]<\/p>\n<h4>Frescura garantizada<\/h4>\n<p>[\/vc_column_text][vc_empty_space height=\u00bb11px\u00bb][vc_column_text]Solo utilizamos los mejores ingredientes y verduras de nuestra propia huerta detr\u00e1s del restaurante.[\/vc_column_text][vc_empty_space height=\u00bb40px\u00bb]\t<\/div>\n<\/div>[\/vc_column][\/vc_row][vc_row row_type=\u00bbparallax\u00bb content_width=\u00bbgrid\u00bb content_aligment=\u00bbcenter\u00bb full_screen_section_height=\u00bbno\u00bb parallax_background_image=\u00bb292&#8243; css=\u00bb.vc_custom_1447852390342{margin-right: 0px !important;margin-left: 0px !important;padding-top: 80px !important;padding-bottom: 33px !important;}\u00bb][vc_column][vc_single_image image=\u00bb103&#8243; img_size=\u00bbfull\u00bb alignment=\u00bbcenter\u00bb][vc_empty_space height=\u00bb18px\u00bb][vc_column_text]<\/p>\n<h2><span style=\"color: #ffffff;\">HAPPY CUSTOMERS<\/span><\/h2>\n<p>[\/vc_column_text][vc_empty_space height=\u00bb0px\u00bb css=\u00bb.vc_custom_1447330918632{margin-top: -20px !important;}\u00bb]<div class=\"mkdf-testimonials-holder mkdf-testimonials-slider clearfix mkdf-carousel-navigation\"><div class=\"mkdf-testimonial-title-holder\"><h2 class=\"mkdf-testimonial-title\" >Bon Profit<\/h2><span class=\"mkdf-testimonial-separator-before-line\"><\/span><span class=\"mkdf-testimonial-separator-after-line\"><\/span><\/div><div class=\"mkdf-testimonials\"  data-autoplay=\"yes\"><div style=\"color: #ffffff\" id=\"mkdf-testimonials4181\" class=\"mkdf-testimonial-content\">\n        <div class=\"mkdf-testimonial-content-inner\">\n        <div class=\"mkdf-testimonial-text-holder\">\n            <div class=\"mkdf-testimonial-text-inner\">\n                <p class=\"mkdf-testimonial-text\">\u00a1Mi restaurante favorito en Mallorca desde hace 15 a\u00f1os! Productos regionales y grandes porciones a precios justos. \u00a1Las chuletas de buey son enormes, tiernas y simplemente geniales! Anfitriona muy amable con un equipo muy trabajador, todos muy agradables y corteses! Para los ni\u00f1os hay un castillo hinchable y algunos animales que corren libremente. No hay tr\u00e1fico de autom\u00f3viles, ubicaci\u00f3n tranquila, los ni\u00f1os pueden correr por las instalaciones. \u00a1Una visita a la Binicanella es imprescindible para cada estancia en Mallorca! \u00a1Simplemente maravilloso! ????<\/p>\n\n                <div class=\"mkdf-rating\">\n                                        <span aria-hidden=\"true\" class=\"icon_star\"><\/span>\n                    <span aria-hidden=\"true\" class=\"icon_star\"><\/span>\n                    <span aria-hidden=\"true\" class=\"icon_star\"><\/span>\n                    <span aria-hidden=\"true\" class=\"icon_star\"><\/span>\n                    <span aria-hidden=\"true\" class=\"icon_star\"><\/span>\n                                <\/div>\n\n                                    <div class = \"mkdf-testimonial-author\">\n                        <p  class=\"mkdf-testimonial-author-text\">Robert P.<\/p>\n                    <\/div>\n                            <\/div>\n        <\/div>\n    <\/div>\n<\/div>\n<div style=\"color: #ffffff\" id=\"mkdf-testimonials4184\" class=\"mkdf-testimonial-content\">\n        <div class=\"mkdf-testimonial-content-inner\">\n        <div class=\"mkdf-testimonial-text-holder\">\n            <div class=\"mkdf-testimonial-text-inner\">\n                <p class=\"mkdf-testimonial-text\">La comida es excepcional, el servicio fue excelente, lo recomiendo encarecidamente.<\/p>\n\n                <div class=\"mkdf-rating\">\n                                        <span aria-hidden=\"true\" class=\"icon_star\"><\/span>\n                    <span aria-hidden=\"true\" class=\"icon_star\"><\/span>\n                    <span aria-hidden=\"true\" class=\"icon_star\"><\/span>\n                    <span aria-hidden=\"true\" class=\"icon_star\"><\/span>\n                    <span aria-hidden=\"true\" class=\"icon_star\"><\/span>\n                                <\/div>\n\n                                    <div class = \"mkdf-testimonial-author\">\n                        <p  class=\"mkdf-testimonial-author-text\">Darran Y.<\/p>\n                    <\/div>\n                            <\/div>\n        <\/div>\n    <\/div>\n<\/div>\n<div style=\"color: #ffffff\" id=\"mkdf-testimonials4186\" class=\"mkdf-testimonial-content\">\n        <div class=\"mkdf-testimonial-content-inner\">\n        <div class=\"mkdf-testimonial-text-holder\">\n            <div class=\"mkdf-testimonial-text-inner\">\n                <p class=\"mkdf-testimonial-text\">Excelente \u00e1rea libre, asientos c\u00f3modos, excelente m\u00fasica en vivo, servicio muy amable, amplio estacionamiento, \u00bfqu\u00e9 m\u00e1s se puede pedir?<\/p>\n\n                <div class=\"mkdf-rating\">\n                                        <span aria-hidden=\"true\" class=\"icon_star\"><\/span>\n                    <span aria-hidden=\"true\" class=\"icon_star\"><\/span>\n                    <span aria-hidden=\"true\" class=\"icon_star\"><\/span>\n                    <span aria-hidden=\"true\" class=\"icon_star\"><\/span>\n                    <span aria-hidden=\"true\" class=\"icon_star\"><\/span>\n                                <\/div>\n\n                                    <div class = \"mkdf-testimonial-author\">\n                        <p  class=\"mkdf-testimonial-author-text\">Peter S.<\/p>\n                    <\/div>\n                            <\/div>\n        <\/div>\n    <\/div>\n<\/div>\n<div style=\"color: #ffffff\" id=\"mkdf-testimonials4188\" class=\"mkdf-testimonial-content\">\n        <div class=\"mkdf-testimonial-content-inner\">\n        <div class=\"mkdf-testimonial-text-holder\">\n            <div class=\"mkdf-testimonial-text-inner\">\n                <p class=\"mkdf-testimonial-text\">El trato es inmejorable. La comida buen\u00edsima.  Precios normales, no excesivos.  El sitio acogedor. Hay noches con m\u00fasica en directo. ???? x???? recomendable!!!!<\/p>\n\n                <div class=\"mkdf-rating\">\n                                        <span aria-hidden=\"true\" class=\"icon_star\"><\/span>\n                    <span aria-hidden=\"true\" class=\"icon_star\"><\/span>\n                    <span aria-hidden=\"true\" class=\"icon_star\"><\/span>\n                    <span aria-hidden=\"true\" class=\"icon_star\"><\/span>\n                    <span aria-hidden=\"true\" class=\"icon_star\"><\/span>\n                                <\/div>\n\n                                    <div class = \"mkdf-testimonial-author\">\n                        <p  class=\"mkdf-testimonial-author-text\">Beatriz M.<\/p>\n                    <\/div>\n                            <\/div>\n        <\/div>\n    <\/div>\n<\/div>\n<div style=\"color: #ffffff\" id=\"mkdf-testimonials4190\" class=\"mkdf-testimonial-content\">\n        <div class=\"mkdf-testimonial-content-inner\">\n        <div class=\"mkdf-testimonial-text-holder\">\n            <div class=\"mkdf-testimonial-text-inner\">\n                <p class=\"mkdf-testimonial-text\">\u00a1Una y otra vez! Buena comida, gran servicio!<\/p>\n\n                <div class=\"mkdf-rating\">\n                                        <span aria-hidden=\"true\" class=\"icon_star\"><\/span>\n                    <span aria-hidden=\"true\" class=\"icon_star\"><\/span>\n                    <span aria-hidden=\"true\" class=\"icon_star\"><\/span>\n                    <span aria-hidden=\"true\" class=\"icon_star\"><\/span>\n                    <span aria-hidden=\"true\" class=\"icon_star\"><\/span>\n                                <\/div>\n\n                                    <div class = \"mkdf-testimonial-author\">\n                        <p  class=\"mkdf-testimonial-author-text\">Sven P.<\/p>\n                    <\/div>\n                            <\/div>\n        <\/div>\n    <\/div>\n<\/div>\n<div style=\"color: #ffffff\" id=\"mkdf-testimonials4192\" class=\"mkdf-testimonial-content\">\n        <div class=\"mkdf-testimonial-content-inner\">\n        <div class=\"mkdf-testimonial-text-holder\">\n            <div class=\"mkdf-testimonial-text-inner\">\n                <p class=\"mkdf-testimonial-text\">Nos encanta Binicanella. Es nuestro restaurante local y lo recomendamos encarecidamente. Precios razonables y buena comida. El equipo siempre nos atiende bien y el entorno es perfecto.<\/p>\n\n                <div class=\"mkdf-rating\">\n                                        <span aria-hidden=\"true\" class=\"icon_star\"><\/span>\n                    <span aria-hidden=\"true\" class=\"icon_star\"><\/span>\n                    <span aria-hidden=\"true\" class=\"icon_star\"><\/span>\n                    <span aria-hidden=\"true\" class=\"icon_star\"><\/span>\n                    <span aria-hidden=\"true\" class=\"icon_star\"><\/span>\n                                <\/div>\n\n                                    <div class = \"mkdf-testimonial-author\">\n                        <p  class=\"mkdf-testimonial-author-text\">Gavin P.<\/p>\n                    <\/div>\n                            <\/div>\n        <\/div>\n    <\/div>\n<\/div>\n<\/div><\/div>[\/vc_column][\/vc_row][vc_row css=\u00bb.vc_custom_1643288087173{margin-top: 50px !important;}\u00bb][vc_column]<div class=\"mkdf-animations-holder mkdf-element-from-bottom\" data-animation=\"mkdf-element-from-bottom\">\n\t<div style=\"transition-delay: 200ms;-webkit-animation-delay: 200ms;animation-delay: 200ms\">\n\t\t<div class=\"mkdf-iwt clearfix mkdf-iwt-icon-top mkdf-iwt-icon-small mkdf-iwt-icon-normal\">\n    <div class=\"mkdf-iwt-icon-holder\" >\n                    \n    <span class=\"mkdf-icon-shortcode normal mkdf-icon-small\"  data-color=\"#dd3333\">\n        \n                                    <span class=\"mkdf-image-icon\">\n\t\t\t\t\t\t                            <i class=\"mkdf-icon-font-awesome fa fa-heart mkdf-icon-element\" style=\"color: #dd3333\" ><\/i>                                            <\/span>\n                \n            <\/span>\n\n            <\/div>\n    <div class=\"mkdf-iwt-content-holder\" >\n        <div class=\"mkdf-iwt-title-holder\">\n            <h2 >\u00a1Nuestro equipo espera verte!<\/h2>\n        <\/div>\n        <div class=\"mkdf-iwt-text-holder\">\n            <p ><\/p>\n\n                    <\/div>\n    <\/div>\n<\/div>\t<\/div>\n<\/div>[\/vc_column][\/vc_row][vc_row css=\u00bb.vc_custom_1643288048086{margin-top: 50px !important;}\u00bb][vc_column]<div class=\"mkdf-animations-holder mkdf-element-from-bottom\" data-animation=\"mkdf-element-from-bottom\">\n\t<div style=\"transition-delay: 200ms;-webkit-animation-delay: 200ms;animation-delay: 200ms\">\n\t\t[vc_single_image image=\u00bb3123&#8243; img_size=\u00bbfull\u00bb]\t<\/div>\n<\/div>[\/vc_column][\/vc_row]<\/p>\n<\/div>","protected":false},"excerpt":{"rendered":"<p>[vc_row][vc_column][vc_empty_space height=\u00bb80px\u00bb][\/vc_column][\/vc_row][vc_row content_width=\u00bbgrid\u00bb css=\u00bb.vc_custom_1646209132949{margin-right: 0px !important;margin-bottom: 55px !important;margin-left: 0px !important;padding-top: 40px !important;padding-right: 25px !important;padding-bottom: 40px !important;padding-left: 25px !important;background-color: #f5f5f5 !important;}\u00bb][vc_column width=\u00bb1\/3&#8243;][\/vc_column][vc_column width=\u00bb1\/3&#8243; css=\u00bb.vc_custom_1646857693938{margin-left: 15% !important;}\u00bb][\/vc_column][vc_column width=\u00bb1\/3&#8243;][\/vc_column][\/vc_row][vc_row content_width=\u00bbgrid\u00bb css=\u00bb.vc_custom_1447852384836{padding-bottom: 15px !important;}\u00bb][vc_column offset=\u00bbvc_col-lg-4 vc_col-md-4&#8243;][\/vc_column][vc_column offset=\u00bbvc_col-lg-4 vc_col-md-4&#8243;][\/vc_column][vc_column offset=\u00bbvc_col-lg-4 vc_col-md-4&#8243;][\/vc_column][\/vc_row][vc_row row_type=\u00bbparallax\u00bb content_width=\u00bbgrid\u00bb content_aligment=\u00bbcenter\u00bb full_screen_section_height=\u00bbno\u00bb parallax_background_image=\u00bb292&#8243; css=\u00bb.vc_custom_1447852390342{margin-right: 0px !important;margin-left: 0px&#8230;<\/p>\n","protected":false},"author":1,"featured_media":0,"parent":0,"menu_order":0,"comment_status":"closed","ping_status":"closed","template":"full-width.php","meta":{"footnotes":""},"class_list":["post-4166","page","type-page","status-publish","hentry"],"_links":{"self":[{"href":"https:\/\/www.restaurante-binicanella.com\/es\/wp-json\/wp\/v2\/pages\/4166","targetHints":{"allow":["GET"]}}],"collection":[{"href":"https:\/\/www.restaurante-binicanella.com\/es\/wp-json\/wp\/v2\/pages"}],"about":[{"href":"https:\/\/www.restaurante-binicanella.com\/es\/wp-json\/wp\/v2\/types\/page"}],"author":[{"embeddable":true,"href":"https:\/\/www.restaurante-binicanella.com\/es\/wp-json\/wp\/v2\/users\/1"}],"replies":[{"embeddable":true,"href":"https:\/\/www.restaurante-binicanella.com\/es\/wp-json\/wp\/v2\/comments?post=4166"}],"version-history":[{"count":2,"href":"https:\/\/www.restaurante-binicanella.com\/es\/wp-json\/wp\/v2\/pages\/4166\/revisions"}],"predecessor-version":[{"id":4647,"href":"https:\/\/www.restaurante-binicanella.com\/es\/wp-json\/wp\/v2\/pages\/4166\/revisions\/4647"}],"wp:attachment":[{"href":"https:\/\/www.restaurante-binicanella.com\/es\/wp-json\/wp\/v2\/media?parent=4166"}],"curies":[{"name":"wp","href":"https:\/\/api.w.org\/{rel}","templated":true}]}}